{"id":1252,"date":"2021-03-05T18:36:06","date_gmt":"2021-03-05T17:36:06","guid":{"rendered":"http:\/\/www.grundschule-am-ipf-test.de\/?page_id=1252"},"modified":"2021-03-05T21:34:09","modified_gmt":"2021-03-05T20:34:09","slug":"news","status":"publish","type":"page","link":"https:\/\/www.grundschule-am-ipf-test.de\/?page_id=1252","title":{"rendered":"News"},"content":{"rendered":"<div class=\"nolwrap\"><h1>Neuigkeiten<\/h1>\n<h2><\/h2>\n<h2 class=\"western\">Yvonne Ehrentreich neue Konrektorin an der Grundschule am Ipf<\/h2>\n<p class=\"western\">Bei einer Corona konformen kleinen Feier wurde Yvonne Ehrentreich als neue Konrektorin an der Grundschule am Ipf von Schulrat Christian Meinzinger offiziell in ihr neues Amt eingesetzt. Er begl\u00fcckw\u00fcnschte sie und w\u00fcnschte ihr viel Erfolg in ihrer neuen Funktion. Schulleiter Lothar Doppelbauer freute sich sehr dar\u00fcber, dass das Engagement, das Frau Ehrentreich bereits in den vergangenen drei Jahren als seine Stellvertretung in die Schulleitung eingebracht hat, nun auch offiziell belohnt wurde. Sehr gerne werde er auch in Zukunft mit ihr zusammenarbeiten. Das Kollegium stellte ein Video zusammen, in dem Eltern, Freunde und Bekannte ihre Gl\u00fcckw\u00fcnsche an die neue Konrektorin ausdr\u00fcckten.<\/p>\n<p class=\"western\">Nach dem Studium an der P\u00e4dagogischen Hochschule Schw\u00e4bisch Gm\u00fcnd und dem Referendariat an der Schule am Ipf verbrachte Yvonne Ehrentreich ihre ersten Dienstjahre an der Werkrealschule Bopfingen. Im Schuljahr 2015\/16 kam sie an die Schule am Ipf und war vorwiegend Klassenlehrerin in den Klassen 3 und 4.<\/p>\n<p>&nbsp;<\/p>\n<div class=\"rl-gallery-container rl-loading rl-pagination-ajax\" id=\"rl-gallery-container-1\" data-gallery_id=\"1259\"> <div class=\"rl-gallery rl-basicgrid-gallery rl-hover-effect-2 rl-hover-icon-2\" id=\"rl-gallery-1\" data-gallery_no=\"1\"> <div class=\"rl-gallery-item\"><a href=\"https:\/\/www.grundschule-am-ipf-test.de\/wp-content\/uploads\/2021\/03\/yvonne_konrektorin.jpg\" title=\"\" data-rl_title=\"\" class=\"rl-gallery-link\" data-rl_caption=\"\" data-rel=\"lightbox-gallery-1\"><img loading=\"lazy\" decoding=\"async\" src=\"https:\/\/www.grundschule-am-ipf-test.de\/wp-content\/uploads\/2021\/03\/yvonne_konrektorin-768x535.jpg\" width=\"640\" height=\"446\" alt=\"\" \/><\/a><\/div> <\/div> <div class=\"rl-pagination rl-pagination-bottom\"><\/div> <\/div>\n<\/div>","protected":false},"excerpt":{"rendered":"<p>Neuigkeiten Yvonne Ehrentreich neue Konrektorin an der Grundschule am Ipf Bei einer Corona konformen kleinen Feier wurde Yvonne Ehrentreich als neue Konrektorin an der Grundschule am Ipf von Schulrat Christian Meinzinger offiziell in ihr neues [&hellip;]<\/p>\n","protected":false},"author":1,"featured_media":0,"parent":0,"menu_order":0,"comment_status":"closed","ping_status":"closed","template":"","meta":{"footnotes":""},"class_list":["post-1252","page","type-page","status-publish","hentry"],"_links":{"self":[{"href":"https:\/\/www.grundschule-am-ipf-test.de\/index.php?rest_route=\/wp\/v2\/pages\/1252","targetHints":{"allow":["GET"]}}],"collection":[{"href":"https:\/\/www.grundschule-am-ipf-test.de\/index.php?rest_route=\/wp\/v2\/pages"}],"about":[{"href":"https:\/\/www.grundschule-am-ipf-test.de\/index.php?rest_route=\/wp\/v2\/types\/page"}],"author":[{"embeddable":true,"href":"https:\/\/www.grundschule-am-ipf-test.de\/index.php?rest_route=\/wp\/v2\/users\/1"}],"replies":[{"embeddable":true,"href":"https:\/\/www.grundschule-am-ipf-test.de\/index.php?rest_route=%2Fwp%2Fv2%2Fcomments&post=1252"}],"version-history":[{"count":5,"href":"https:\/\/www.grundschule-am-ipf-test.de\/index.php?rest_route=\/wp\/v2\/pages\/1252\/revisions"}],"predecessor-version":[{"id":1260,"href":"https:\/\/www.grundschule-am-ipf-test.de\/index.php?rest_route=\/wp\/v2\/pages\/1252\/revisions\/1260"}],"wp:attachment":[{"href":"https:\/\/www.grundschule-am-ipf-test.de\/index.php?rest_route=%2Fwp%2Fv2%2Fmedia&parent=1252"}],"curies":[{"name":"wp","href":"https:\/\/api.w.org\/{rel}","templated":true}]}}